{"id":118,"date":"2023-11-29T07:53:26","date_gmt":"2023-11-29T07:53:26","guid":{"rendered":"https:\/\/www.purebeef.cz\/?page_id=118"},"modified":"2023-12-07T08:43:05","modified_gmt":"2023-12-07T08:43:05","slug":"uvod","status":"publish","type":"page","link":"https:\/\/www.purebeef.cz\/","title":{"rendered":"Pure Beef"},"content":{"rendered":"\n<h2 class=\"wp-block-heading\">Pr\u00e9miov\u00e9 Sugo om\u00e1\u010dky maj\u00ed nov\u00e9 jm\u00e9no: PURE<\/h2>\n\n\n\n<figure class=\"wp-block-image size-large is-resized\"><img loading=\"lazy\" decoding=\"async\" width=\"1024\" height=\"1024\" src=\"https:\/\/www.purebeef.cz\/wp-content\/uploads\/2023\/11\/inner_space_banner-1024x1024.jpg\" alt=\"\" class=\"wp-image-66\" style=\"width:1450px;height:auto\" srcset=\"https:\/\/www.purebeef.cz\/wp-content\/uploads\/2023\/11\/inner_space_banner-1024x1024.jpg 1024w, https:\/\/www.purebeef.cz\/wp-content\/uploads\/2023\/11\/inner_space_banner-300x300.jpg 300w, https:\/\/www.purebeef.cz\/wp-content\/uploads\/2023\/11\/inner_space_banner-150x150.jpg 150w, https:\/\/www.purebeef.cz\/wp-content\/uploads\/2023\/11\/inner_space_banner-768x768.jpg 768w, https:\/\/www.purebeef.cz\/wp-content\/uploads\/2023\/11\/inner_space_banner-1536x1536.jpg 1536w, https:\/\/www.purebeef.cz\/wp-content\/uploads\/2023\/11\/inner_space_banner-500x500.jpg 500w, https:\/\/www.purebeef.cz\/wp-content\/uploads\/2023\/11\/inner_space_banner-600x600.jpg 600w, https:\/\/www.purebeef.cz\/wp-content\/uploads\/2023\/11\/inner_space_banner-100x100.jpg 100w, https:\/\/www.purebeef.cz\/wp-content\/uploads\/2023\/11\/inner_space_banner.jpg 1901w\" sizes=\"auto, (max-width: 1024px) 100vw, 1024px\" \/><\/figure>\n\n\n\n<p class=\"has-white-color has-text-color has-link-color wp-elements-f329c9f2cc2346ad1e567c12154fcfef\">***<\/p>\n\n\n\n<p class=\"has-medium-font-size\">Pokud nechcete st\u00e1t hodiny p\u0159ed spor\u00e1kem, jist\u011b ocen\u00edte pr\u00e9miov\u00e9 sugo om\u00e1\u010dky od zna\u010dky Inzersdorfer, kter\u00e9 doma p\u0159iprav\u00edte b\u011bhem chvilky. Pro v\u00fdrobu om\u00e1\u010dek PURE BEEF a PURE GREEN jsou pou\u017e\u00edv\u00e1ny vysoce kvalitn\u00ed suroviny. Konzervov\u00e1ny jsou pouze zah\u0159\u00edv\u00e1n\u00edm, p\u0159i v\u00fdrob\u011b nejsou pou\u017eity \u017e\u00e1dn\u00e9 um\u011bl\u00e9 zv\u00fdraz\u0148ova\u010de chuti ani konzervanty. A\u0165 u\u017e PURE BEEF nebo PURE GREEN \u2013 ka\u017ed\u00e1 varianty zaujme svou jedine\u010dnou recepturou, skv\u011blou a vyv\u00e1\u017eenou chut\u00ed. Om\u00e1\u010dky PURE BEEF a PURE GREEN prost\u011b chutnaj\u00ed jako doma vyroben\u00e9. Zkuste je i Vy!<\/p>\n\n\n\n<div class=\"wp-block-group alignwide\" style=\"margin-top:0px;margin-bottom:80px;padding-top:0;padding-right:var(--wp--preset--spacing--30);padding-bottom:0;padding-left:var(--wp--preset--spacing--30)\"><div class=\"wp-block-group__inner-container is-layout-constrained wp-container-core-group-is-layout-fd47ef92 wp-block-group-is-layout-constrained\"><div data-wc-context=\"{&quot;accessibilityLoadingMessage&quot;:&quot;Loading page, please wait.&quot;,&quot;accessibilityLoadedMessage&quot;:&quot;Page Loaded.&quot;,&quot;isPrefetchNextOrPreviousLink&quot;:false}\" data-wc-interactive=\"{&quot;namespace&quot;:&quot;woocommerce\\\/product-collection&quot;}\" data-wc-navigation-id=\"wc-product-collection-39\" data-block-name=\"woocommerce\/product-collection\" data-query-id=\"39\" data-query=\"{&quot;perPage&quot;:5,&quot;pages&quot;:0,&quot;offset&quot;:0,&quot;postType&quot;:&quot;product&quot;,&quot;order&quot;:&quot;asc&quot;,&quot;orderBy&quot;:&quot;title&quot;,&quot;author&quot;:&quot;&quot;,&quot;search&quot;:&quot;&quot;,&quot;exclude&quot;:[],&quot;sticky&quot;:&quot;&quot;,&quot;inherit&quot;:false,&quot;taxQuery&quot;:[],&quot;parents&quot;:[],&quot;isProductCollectionBlock&quot;:true,&quot;woocommerceOnSale&quot;:false,&quot;woocommerceStockStatus&quot;:[&quot;instock&quot;,&quot;outofstock&quot;,&quot;onbackorder&quot;],&quot;woocommerceAttributes&quot;:[],&quot;woocommerceHandPickedProducts&quot;:[]}\" data-tag-name=\"div\" data-display-layout=\"{&quot;type&quot;:&quot;flex&quot;,&quot;columns&quot;:4,&quot;shrinkColumns&quot;:true}\" class=\"wp-block-woocommerce-product-collection is-layout-flow wp-block-woocommerce-product-collection-is-layout-flow\"><ul class=\"wc-block-product-template__responsive columns-4 wc-block-product-template wp-block-woocommerce-product-template is-layout-flow wp-block-woocommerce-product-template-is-layout-flow\"><li data-wc-key=\"product-item-16\" class=\"wc-block-product post-16 product type-product status-publish has-post-thumbnail product_cat-sugo first instock taxable shipping-taxable product-type-simple\">\n<div data-block-name=\"woocommerce\/product-image\" data-sale-badge-align=\"left\" data-image-sizing=\"thumbnail\" data-is-descendent-of-query-loop=\"true\" class=\"wc-block-components-product-image wc-block-grid__product-image \" style=\"\">\n\t\t\t\t\t<a href=\"https:\/\/www.purebeef.cz\/?product=pure-beef-bolognese\" style=\"\"> <img loading=\"lazy\" decoding=\"async\" width=\"300\" height=\"300\" src=\"https:\/\/www.purebeef.cz\/wp-content\/uploads\/2023\/11\/PB_Bolognese1-300x300.jpg\" class=\"attachment-woocommerce_thumbnail size-woocommerce_thumbnail\" alt=\"PURE BEEF BOLOGNESE\" data-testid=\"product-image\" style=\"max-width:none;object-fit:cover;\" srcset=\"https:\/\/www.purebeef.cz\/wp-content\/uploads\/2023\/11\/PB_Bolognese1-300x300.jpg 300w, https:\/\/www.purebeef.cz\/wp-content\/uploads\/2023\/11\/PB_Bolognese1-150x150.jpg 150w, https:\/\/www.purebeef.cz\/wp-content\/uploads\/2023\/11\/PB_Bolognese1-100x100.jpg 100w\" sizes=\"auto, (max-width: 300px) 100vw, 300px\" \/><\/a>\n\t\t\t\t<\/div>\n\n<h3 style=\"font-size:1rem; margin-bottom:0.75rem;margin-top:0;\" class=\"has-text-align-center wp-block-post-title\"><a href=\"https:\/\/www.purebeef.cz\/?product=pure-beef-bolognese\" target=\"_self\" >PURE BEEF BOLOGNESE<\/a><\/h3>\n<\/li><li data-wc-key=\"product-item-22\" class=\"wc-block-product post-22 product type-product status-publish has-post-thumbnail product_cat-sugo  instock taxable shipping-taxable product-type-simple\">\n<div data-block-name=\"woocommerce\/product-image\" data-sale-badge-align=\"left\" data-image-sizing=\"thumbnail\" data-is-descendent-of-query-loop=\"true\" class=\"wc-block-components-product-image wc-block-grid__product-image \" style=\"\">\n\t\t\t\t\t<a href=\"https:\/\/www.purebeef.cz\/?product=pure-beef-arrabbiata\" style=\"\"> <img loading=\"lazy\" decoding=\"async\" width=\"300\" height=\"300\" src=\"https:\/\/www.purebeef.cz\/wp-content\/uploads\/2024\/08\/PB_HotChili1-300x300.jpg\" class=\"attachment-woocommerce_thumbnail size-woocommerce_thumbnail\" alt=\"PURE BEEF HOT CHILI &amp; JALAPENO\" data-testid=\"product-image\" style=\"max-width:none;object-fit:cover;\" srcset=\"https:\/\/www.purebeef.cz\/wp-content\/uploads\/2024\/08\/PB_HotChili1-300x300.jpg 300w, https:\/\/www.purebeef.cz\/wp-content\/uploads\/2024\/08\/PB_HotChili1-150x150.jpg 150w, https:\/\/www.purebeef.cz\/wp-content\/uploads\/2024\/08\/PB_HotChili1-100x100.jpg 100w\" sizes=\"auto, (max-width: 300px) 100vw, 300px\" \/><\/a>\n\t\t\t\t<\/div>\n\n<h3 style=\"font-size:1rem; margin-bottom:0.75rem;margin-top:0;\" class=\"has-text-align-center wp-block-post-title\"><a href=\"https:\/\/www.purebeef.cz\/?product=pure-beef-arrabbiata\" target=\"_self\" >PURE BEEF HOT CHILI &amp; JALAPENO<\/a><\/h3>\n<\/li><li data-wc-key=\"product-item-23\" class=\"wc-block-product post-23 product type-product status-publish has-post-thumbnail product_cat-sugo  instock taxable shipping-taxable product-type-simple\">\n<div data-block-name=\"woocommerce\/product-image\" data-sale-badge-align=\"left\" data-image-sizing=\"thumbnail\" data-is-descendent-of-query-loop=\"true\" class=\"wc-block-components-product-image wc-block-grid__product-image \" style=\"\">\n\t\t\t\t\t<a href=\"https:\/\/www.purebeef.cz\/?product=pure-beef-parmesan\" style=\"\"> <img loading=\"lazy\" decoding=\"async\" width=\"300\" height=\"300\" src=\"https:\/\/www.purebeef.cz\/wp-content\/uploads\/2023\/11\/PB_Parmesan1-300x300.jpg\" class=\"attachment-woocommerce_thumbnail size-woocommerce_thumbnail\" alt=\"PURE BEEF PARMESAN\" data-testid=\"product-image\" style=\"max-width:none;object-fit:cover;\" srcset=\"https:\/\/www.purebeef.cz\/wp-content\/uploads\/2023\/11\/PB_Parmesan1-300x300.jpg 300w, https:\/\/www.purebeef.cz\/wp-content\/uploads\/2023\/11\/PB_Parmesan1-150x150.jpg 150w, https:\/\/www.purebeef.cz\/wp-content\/uploads\/2023\/11\/PB_Parmesan1-100x100.jpg 100w\" sizes=\"auto, (max-width: 300px) 100vw, 300px\" \/><\/a>\n\t\t\t\t<\/div>\n\n<h3 style=\"font-size:1rem; margin-bottom:0.75rem;margin-top:0;\" class=\"has-text-align-center wp-block-post-title\"><a href=\"https:\/\/www.purebeef.cz\/?product=pure-beef-parmesan\" target=\"_self\" >PURE BEEF PARMESAN<\/a><\/h3>\n<\/li><li data-wc-key=\"product-item-24\" class=\"wc-block-product post-24 product type-product status-publish has-post-thumbnail product_cat-sugo last instock taxable shipping-taxable product-type-simple\">\n<div data-block-name=\"woocommerce\/product-image\" data-sale-badge-align=\"left\" data-image-sizing=\"thumbnail\" data-is-descendent-of-query-loop=\"true\" class=\"wc-block-components-product-image wc-block-grid__product-image \" style=\"\">\n\t\t\t\t\t<a href=\"https:\/\/www.purebeef.cz\/?product=pure-green-vegan-bolognese\" style=\"\"> <img loading=\"lazy\" decoding=\"async\" width=\"300\" height=\"300\" src=\"https:\/\/www.purebeef.cz\/wp-content\/uploads\/2023\/11\/Pure-Green-Bolognese6-300x300.jpg\" class=\"attachment-woocommerce_thumbnail size-woocommerce_thumbnail\" alt=\"VEGAN BOLOGNESE\" data-testid=\"product-image\" style=\"max-width:none;object-fit:cover;\" srcset=\"https:\/\/www.purebeef.cz\/wp-content\/uploads\/2023\/11\/Pure-Green-Bolognese6-300x300.jpg 300w, https:\/\/www.purebeef.cz\/wp-content\/uploads\/2023\/11\/Pure-Green-Bolognese6-150x150.jpg 150w, https:\/\/www.purebeef.cz\/wp-content\/uploads\/2023\/11\/Pure-Green-Bolognese6-100x100.jpg 100w\" sizes=\"auto, (max-width: 300px) 100vw, 300px\" \/><\/a>\n\t\t\t\t<\/div>\n\n<h3 style=\"font-size:1rem; margin-bottom:0.75rem;margin-top:0;\" class=\"has-text-align-center wp-block-post-title\"><a href=\"https:\/\/www.purebeef.cz\/?product=pure-green-vegan-bolognese\" target=\"_self\" >VEGAN BOLOGNESE<\/a><\/h3>\n<\/li><\/ul>\n\n\n\n\n\t\t\t\t<div\n\t\t\t\t\tdata-wc-interactive=\"{&quot;namespace&quot;:&quot;woocommerce\/product-collection&quot;}\"\n\t\t\t\t\tclass=\"wc-block-product-collection__pagination-animation\"\n\t\t\t\t\tdata-wc-class--start-animation=\"state.startAnimation\"\n\t\t\t\t\tdata-wc-class--finish-animation=\"state.finishAnimation\">\n\t\t\t\t<\/div>\n\t\t\t\t<div\n\t\t\t\t\tdata-wc-interactive=\"{&quot;namespace&quot;:&quot;woocommerce\/product-collection&quot;}\"\n\t\t\t\t\tclass=\"screen-reader-text\"\n\t\t\t\t\taria-live=\"polite\"\n\t\t\t\t\tdata-wc-text=\"context.accessibilityMessage\">\n\t\t\t\t<\/div>\n\t\t\t<\/div><\/div><\/div>\n\n\n\n<figure class=\"wp-block-video\"><video height=\"1080\" style=\"aspect-ratio: 1920 \/ 1080;\" width=\"1920\" controls poster=\"https:\/\/www.purebeef.cz\/wp-content\/uploads\/2023\/12\/video_nahled.jpg\" src=\"https:\/\/www.purebeef.cz\/wp-content\/uploads\/2023\/12\/PB10s_Online.mp4\"><\/video><\/figure>\n","protected":false},"excerpt":{"rendered":"<p>Pr\u00e9miov\u00e9 Sugo om\u00e1\u010dky maj\u00ed nov\u00e9 jm\u00e9no: PURE *** Pokud nechcete st\u00e1t hodiny p\u0159ed spor\u00e1kem, jist\u011b ocen\u00edte pr\u00e9miov\u00e9 sugo om\u00e1\u010dky od zna\u010dky Inzersdorfer, kter\u00e9 doma p\u0159iprav\u00edte b\u011bhem chvilky. Pro v\u00fdrobu om\u00e1\u010dek PURE BEEF a PURE GREEN jsou pou\u017e\u00edv\u00e1ny vysoce kvalitn\u00ed suroviny. Konzervov\u00e1ny jsou pouze zah\u0159\u00edv\u00e1n\u00edm, p\u0159i v\u00fdrob\u011b nejsou pou\u017eity \u017e\u00e1dn\u00e9 um\u011bl\u00e9 zv\u00fdraz\u0148ova\u010de chuti ani konzervanty. A\u0165 [&hellip;]<\/p>\n","protected":false},"author":2,"featured_media":0,"parent":0,"menu_order":0,"comment_status":"closed","ping_status":"closed","template":"","meta":{"ngg_post_thumbnail":0,"footnotes":""},"class_list":["post-118","page","type-page","status-publish","hentry"],"_links":{"self":[{"href":"https:\/\/www.purebeef.cz\/index.php?rest_route=\/wp\/v2\/pages\/118","targetHints":{"allow":["GET"]}}],"collection":[{"href":"https:\/\/www.purebeef.cz\/index.php?rest_route=\/wp\/v2\/pages"}],"about":[{"href":"https:\/\/www.purebeef.cz\/index.php?rest_route=\/wp\/v2\/types\/page"}],"author":[{"embeddable":true,"href":"https:\/\/www.purebeef.cz\/index.php?rest_route=\/wp\/v2\/users\/2"}],"replies":[{"embeddable":true,"href":"https:\/\/www.purebeef.cz\/index.php?rest_route=%2Fwp%2Fv2%2Fcomments&post=118"}],"version-history":[{"count":13,"href":"https:\/\/www.purebeef.cz\/index.php?rest_route=\/wp\/v2\/pages\/118\/revisions"}],"predecessor-version":[{"id":183,"href":"https:\/\/www.purebeef.cz\/index.php?rest_route=\/wp\/v2\/pages\/118\/revisions\/183"}],"wp:attachment":[{"href":"https:\/\/www.purebeef.cz\/index.php?rest_route=%2Fwp%2Fv2%2Fmedia&parent=118"}],"curies":[{"name":"wp","href":"https:\/\/api.w.org\/{rel}","templated":true}]}}