{"id":16,"date":"2023-11-26T09:50:37","date_gmt":"2023-11-26T09:50:37","guid":{"rendered":"https:\/\/www.purebeef.cz\/?post_type=product&#038;p=16"},"modified":"2023-12-07T12:09:06","modified_gmt":"2023-12-07T12:09:06","slug":"pure-beef-bolognese","status":"publish","type":"product","link":"https:\/\/www.purebeef.cz\/?product=pure-beef-bolognese","title":{"rendered":"PURE BEEF BOLOGNESE"},"content":{"rendered":"\n<p>Slo\u017een\u00ed: raj\u010datov\u00e1 d\u0159e\u0148 33 %, hov\u011bz\u00ed maso 27 %, pitn\u00e1 voda, raj\u010datov\u00fd protlak, cibule, mrkev, celer, cukr, jedl\u00e1 s\u016fl s j\u00f3dem (jedl\u00e1 s\u016fl, jodid draseln\u00fd), modifikovan\u00fd \u0161krob, kyselina: kyselina citronov\u00e1; bylinky, ko\u0159en\u00ed. <\/p>\n\n\n\n<p>K dost\u00e1n\u00ed: Kaufland, Globus, <a href=\"https:\/\/tamdaexpress.eu\/search\/?keywords=pure+beef\" target=\"_blank\" rel=\"noreferrer noopener\">Tamda<\/a>, <a href=\"https:\/\/www.rohlik.cz\/hledat?q=pure%20beef&amp;companyId=1\" target=\"_blank\" rel=\"noreferrer noopener\">Rohlik.cz<\/a>, <a href=\"https:\/\/www.kosik.cz\/vyhledavani?search=pure+beef\" target=\"_blank\" rel=\"noreferrer noopener\">Ko\u0161\u00edk.cz<\/a><\/p>\n","protected":false},"excerpt":{"rendered":"<p><strong>PURE BEEF BOLOGNESE 400g: 100% hov\u011bz\u00ed maso, 100% chu\u0165 <\/strong><br \/>Pro v\u00fdrobu om\u00e1\u010dky PURE BEEF Sugo Bolognese se pou\u017e\u00edv\u00e1 100% vysoce kvalitn\u00ed hov\u011bz\u00ed maso z Rakouska a d\u00edky jeho vysok\u00e9mu obsahu ve slo\u017een\u00ed (27% hov\u011bz\u00edho) je jedine\u010dn\u00fdm produktem na \u010desk\u00e9m trhu<\/p>\n","protected":false},"featured_media":56,"template":"","meta":{"ngg_post_thumbnail":0},"product_cat":[18],"product_tag":[],"class_list":{"0":"post-16","1":"product","2":"type-product","3":"status-publish","4":"has-post-thumbnail","6":"product_cat-sugo","8":"first","9":"instock","10":"taxable","11":"shipping-taxable","12":"product-type-simple"},"_links":{"self":[{"href":"https:\/\/www.purebeef.cz\/index.php?rest_route=\/wp\/v2\/product\/16","targetHints":{"allow":["GET"]}}],"collection":[{"href":"https:\/\/www.purebeef.cz\/index.php?rest_route=\/wp\/v2\/product"}],"about":[{"href":"https:\/\/www.purebeef.cz\/index.php?rest_route=\/wp\/v2\/types\/product"}],"wp:featuredmedia":[{"embeddable":true,"href":"https:\/\/www.purebeef.cz\/index.php?rest_route=\/wp\/v2\/media\/56"}],"wp:attachment":[{"href":"https:\/\/www.purebeef.cz\/index.php?rest_route=%2Fwp%2Fv2%2Fmedia&parent=16"}],"wp:term":[{"taxonomy":"product_cat","embeddable":true,"href":"https:\/\/www.purebeef.cz\/index.php?rest_route=%2Fwp%2Fv2%2Fproduct_cat&post=16"},{"taxonomy":"product_tag","embeddable":true,"href":"https:\/\/www.purebeef.cz\/index.php?rest_route=%2Fwp%2Fv2%2Fproduct_tag&post=16"}],"curies":[{"name":"wp","href":"https:\/\/api.w.org\/{rel}","templated":true}]}}