{"id":22,"date":"2023-11-26T10:54:02","date_gmt":"2023-11-26T10:54:02","guid":{"rendered":"https:\/\/www.purebeef.cz\/?post_type=product&#038;p=22"},"modified":"2024-08-16T08:51:47","modified_gmt":"2024-08-16T08:51:47","slug":"pure-beef-arrabbiata","status":"publish","type":"product","link":"https:\/\/www.purebeef.cz\/?product=pure-beef-arrabbiata","title":{"rendered":"PURE BEEF HOT CHILI &amp; JALAPENO"},"content":{"rendered":"\n<ul class=\"wp-block-list\">\n<li>hov\u011bz\u00ed maso z&nbsp;Rakouska<\/li>\n\n\n\n<li>bez zv\u00fdraz\u0148ova\u010d\u016f chuti<\/li>\n\n\n\n<li>bez um\u011bl\u00fdch &nbsp;konzervant\u016f<\/li>\n\n\n\n<li>bez vep\u0159ov\u00e9ho masa<\/li>\n<\/ul>\n\n\n\n<ul class=\"wp-block-list\">\n<li>Slo\u017een\u00ed:&nbsp;raj\u010datov\u00e1 d\u0159e\u0148 34 %, hov\u011bz\u00ed maso 27 %, pitn\u00e1 voda, raj\u010datov\u00fd protlak dvakr\u00e1t koncentrovan\u00fd, cibule, jalapeno papri\u010dka 5%, paprika 4%, cukr, jodizovan\u00e1 jedl\u00e1 s\u016fl (jedl\u00e1 s\u016fl, jodid draseln\u00fd), modifikovan\u00fd \u0161krob, chilli 0,25%, kyselina: kyselina citronov\u00e1; bylinky, ko\u0159en\u00ed.<\/li>\n\n\n\n<li>K\u00a0dost\u00e1n\u00ed: Kaufland, Billa, Globus, <a href=\"https:\/\/tamdaexpress.eu\/search\/?keywords=pure+beef\" target=\"_blank\" rel=\"noreferrer noopener\">Tamda<\/a>, <a href=\"https:\/\/www.kosik.cz\/vyhledavani?search=pure+beef\" target=\"_blank\" rel=\"noreferrer noopener\">Ko\u0161\u00edk.cz<\/a><\/li>\n<\/ul>\n","protected":false},"excerpt":{"rendered":"<p><strong>PURE BEEF HOT CHILI &amp; JALAPENO 400g: 100% hov\u011bz\u00ed maso, 100% chu\u0165<\/strong><br \/>Pro v\u00fdrobu om\u00e1\u010dky PURE BEEF Hot Chili &amp; Jalapeno se pou\u017e\u00edv\u00e1 100% vysoce kvalitn\u00ed hov\u011bz\u00ed maso z Rakouska a d\u00edky jeho vysok\u00e9mu obsahu ve slo\u017een\u00ed (27% hov\u011bz\u00edho) je jedine\u010dn\u00fdm produktem na \u010desk\u00e9m trhu. Sugo je vhodn\u00e9 pro milovn\u00edky pikantn\u00edch j\u00eddel, nebo\u0165 v jeho slo\u017een\u00ed naleznete jalapenos i chilli, kter\u00e9 om\u00e1\u010dce dod\u00e1vaj\u00ed po\u0159\u00e1dn\u00fd \u0159\u00edz.<\/p>\n","protected":false},"featured_media":189,"template":"","meta":{"ngg_post_thumbnail":0},"product_cat":[18],"product_tag":[],"class_list":{"0":"post-22","1":"product","2":"type-product","3":"status-publish","4":"has-post-thumbnail","6":"product_cat-sugo","8":"first","9":"instock","10":"taxable","11":"shipping-taxable","12":"product-type-simple"},"_links":{"self":[{"href":"https:\/\/www.purebeef.cz\/index.php?rest_route=\/wp\/v2\/product\/22","targetHints":{"allow":["GET"]}}],"collection":[{"href":"https:\/\/www.purebeef.cz\/index.php?rest_route=\/wp\/v2\/product"}],"about":[{"href":"https:\/\/www.purebeef.cz\/index.php?rest_route=\/wp\/v2\/types\/product"}],"wp:featuredmedia":[{"embeddable":true,"href":"https:\/\/www.purebeef.cz\/index.php?rest_route=\/wp\/v2\/media\/189"}],"wp:attachment":[{"href":"https:\/\/www.purebeef.cz\/index.php?rest_route=%2Fwp%2Fv2%2Fmedia&parent=22"}],"wp:term":[{"taxonomy":"product_cat","embeddable":true,"href":"https:\/\/www.purebeef.cz\/index.php?rest_route=%2Fwp%2Fv2%2Fproduct_cat&post=22"},{"taxonomy":"product_tag","embeddable":true,"href":"https:\/\/www.purebeef.cz\/index.php?rest_route=%2Fwp%2Fv2%2Fproduct_tag&post=22"}],"curies":[{"name":"wp","href":"https:\/\/api.w.org\/{rel}","templated":true}]}}