{"id":23,"date":"2023-11-26T10:56:28","date_gmt":"2023-11-26T10:56:28","guid":{"rendered":"https:\/\/www.purebeef.cz\/?post_type=product&#038;p=23"},"modified":"2023-12-07T11:52:49","modified_gmt":"2023-12-07T11:52:49","slug":"pure-beef-parmesan","status":"publish","type":"product","link":"https:\/\/www.purebeef.cz\/?product=pure-beef-parmesan","title":{"rendered":"PURE BEEF PARMESAN"},"content":{"rendered":"\n<p>hov\u011bz\u00ed maso z Rakouska<br>bez zv\u00fdraz\u0148ova\u010d\u016f chuti<br>bez um\u011bl\u00fdch konzervant\u016f<br>bez vep\u0159ov\u00e9ho masa<br>Slo\u017een\u00ed: Raj\u010datov\u00e1 du\u017eina 42%, hov\u011bz\u00ed maso 24%, pitn\u00e1 voda, dvakr\u00e1t koncentrovan\u00fd raj\u010datov\u00fd protlak 11%, *s\u00fdr Parmigiano Reggiano (CHOP) 4%, cibule, cukr, jedl\u00e1 s\u016fl s j\u00f3dem (jedl\u00e1 s\u016fl, jodid draseln\u00fd), modifikovan\u00fd \u0161krob, kyselina: kyselina citronov\u00e1; bylinky, ko\u0159en\u00ed.<br>K dost\u00e1n\u00ed: Kaufland, Globus, <a href=\"https:\/\/tamdaexpress.eu\/search\/?keywords=pure+beef\" target=\"_blank\" rel=\"noreferrer noopener\">Tamda<\/a>, <a href=\"https:\/\/www.rohlik.cz\/hledat?q=pure%20beef&amp;companyId=1\" target=\"_blank\" rel=\"noreferrer noopener\">Rohlik.cz<\/a>, <a href=\"https:\/\/www.kosik.cz\/vyhledavani?search=pure+beef\" target=\"_blank\" rel=\"noreferrer noopener\">Ko\u0161\u00edk.cz<\/a><\/p>\n","protected":false},"excerpt":{"rendered":"<p><strong>PURE BEEF S PARMEZ\u00c1NEM 400g: 100% hov\u011bz\u00ed maso, 100% chu\u0165<\/strong><br \/>Pro v\u00fdrobu om\u00e1\u010dky PURE BEEF s Parmez\u00e1nem\u00a0se pou\u017e\u00edv\u00e1 100% vysoce kvalitn\u00ed hov\u011bz\u00ed maso z Rakouska a d\u00edky jeho vysok\u00e9mu obsahu ve slo\u017een\u00ed (24% hov\u011bz\u00edho) je jedine\u010dn\u00fdm produktem na \u010desk\u00e9m trhu. V\u00a0receptu\u0159e tohoto suga se snoub\u00ed jedine\u010dn\u00e9 masov\u00e9 sugo se s\u00fdrem Parmigiano Reggiano a vznik\u00e1 tak sugo om\u00e1\u010dka s\u00a0dokonale vylad\u011bnou chut\u00ed.<\/p>\n","protected":false},"featured_media":74,"template":"","meta":{"ngg_post_thumbnail":0},"product_cat":[18],"product_tag":[],"class_list":{"0":"post-23","1":"product","2":"type-product","3":"status-publish","4":"has-post-thumbnail","6":"product_cat-sugo","8":"first","9":"instock","10":"taxable","11":"shipping-taxable","12":"product-type-simple"},"_links":{"self":[{"href":"https:\/\/www.purebeef.cz\/index.php?rest_route=\/wp\/v2\/product\/23","targetHints":{"allow":["GET"]}}],"collection":[{"href":"https:\/\/www.purebeef.cz\/index.php?rest_route=\/wp\/v2\/product"}],"about":[{"href":"https:\/\/www.purebeef.cz\/index.php?rest_route=\/wp\/v2\/types\/product"}],"wp:featuredmedia":[{"embeddable":true,"href":"https:\/\/www.purebeef.cz\/index.php?rest_route=\/wp\/v2\/media\/74"}],"wp:attachment":[{"href":"https:\/\/www.purebeef.cz\/index.php?rest_route=%2Fwp%2Fv2%2Fmedia&parent=23"}],"wp:term":[{"taxonomy":"product_cat","embeddable":true,"href":"https:\/\/www.purebeef.cz\/index.php?rest_route=%2Fwp%2Fv2%2Fproduct_cat&post=23"},{"taxonomy":"product_tag","embeddable":true,"href":"https:\/\/www.purebeef.cz\/index.php?rest_route=%2Fwp%2Fv2%2Fproduct_tag&post=23"}],"curies":[{"name":"wp","href":"https:\/\/api.w.org\/{rel}","templated":true}]}}