{"id":24,"date":"2023-11-26T10:59:08","date_gmt":"2023-11-26T10:59:08","guid":{"rendered":"https:\/\/www.purebeef.cz\/?post_type=product&#038;p=24"},"modified":"2023-12-07T12:05:05","modified_gmt":"2023-12-07T12:05:05","slug":"pure-green-vegan-bolognese","status":"publish","type":"product","link":"https:\/\/www.purebeef.cz\/?product=pure-green-vegan-bolognese","title":{"rendered":"VEGAN BOLOGNESE"},"content":{"rendered":"\n<ul class=\"wp-block-list\">\n<li>100% rostlinn\u00e1 alternativa k masov\u00e9mu Sugo Bolognese<\/li>\n\n\n\n<li>Vysok\u00fd obsah b\u00edlkovin a \u017eeleza&nbsp;\u00e0&nbsp;zdroj protein\u016f: p\u0161enice\/hr\u00e1ch<\/li>\n\n\n\n<li>Struktura produktu p\u0159ipom\u00edn\u00e1 mlet\u00e9 maso<\/li>\n\n\n\n<li>bez um\u011bl\u00fdch konzervant\u016f a palmov\u00e9ho oleje<\/li>\n\n\n\n<li>bez zv\u00fdraz\u0148ova\u010d\u016f chuti<\/li>\n\n\n\n<li>bez um\u011bl\u00fdch &nbsp;konzervant\u016f<\/li>\n<\/ul>\n\n\n\n<ul class=\"wp-block-list\">\n<li>Slo\u017een\u00ed:&nbsp;Pitn\u00e1 voda, raj\u010datov\u00e1 du\u017eina 28%, raj\u010datov\u00fd protlak dvakr\u00e1t koncentrovan\u00fd 10%, texturovan\u00e1&nbsp;<strong>p\u0161eni\u010dn\u00e1<\/strong>&nbsp;b\u00edlkovina 4,9% (<strong>p\u0161eni\u010dn\u00e1<\/strong>&nbsp;b\u00edlkovina,&nbsp;<strong>p\u0161eni\u010dn\u00e1<\/strong>&nbsp;mouka), mrkev, cibule, cuketa, \u010derven\u00e1 paprika, hrachov\u00e1 b\u00edlkovina 2,1%,&nbsp;<strong>celer<\/strong>, slune\u010dnicov\u00fd olej,cukr, modifikovan\u00fd \u0161krob, jedl\u00e1 s\u016fl,&nbsp;<strong>s\u00f3jov\u00e1<\/strong>&nbsp;om\u00e1\u010dka (pitn\u00e1 voda,&nbsp;<strong>s\u00f3jov\u00e9<\/strong>&nbsp;boby, jedl\u00e1 s\u016fl,&nbsp;<strong>p\u0161eni\u010dn\u00e1<\/strong>&nbsp;mouka), kvasnicov\u00fd extrakt, koncentrovan\u00e1 citronov\u00e1 \u0161\u0165\u00e1va, bylinky, ko\u0159en\u00ed.<\/li>\n\n\n\n<li>K\u00a0dost\u00e1n\u00ed: Kaufland, <a href=\"https:\/\/tamdaexpress.eu\/search\/?keywords=pure+beef\" target=\"_blank\" rel=\"noreferrer noopener\">Tamda<\/a>, <a href=\"https:\/\/www.kosik.cz\/vyhledavani?search=pure+green\" target=\"_blank\" rel=\"noreferrer noopener\">Ko\u0161\u00edk.cz<\/a>, <a href=\"https:\/\/www.rohlik.cz\/hledat?q=pure%20beef&amp;companyId=1\" target=\"_blank\" rel=\"noreferrer noopener\">Rohl\u00edk.cz<\/a><\/li>\n<\/ul>\n","protected":false},"excerpt":{"rendered":"<p><strong>PURE GREEN VEGAN BOLOGNESE 400g: 100% na rostlinn\u00e9 b\u00e1z\u00ed, 100% chu\u0165<\/strong><br \/>Nov\u00e9 vegansk\u00e9 Sugo Bolognese je 100% rostlinn\u00e9ho p\u016fvodu, proto\u017ee je vyrobeno z p\u0161eni\u010dn\u00e9ho a hrachov\u00e9ho proteinu. Slo\u017een\u00ed je samoz\u0159ejm\u011b bez konzervant\u016f, bez palmov\u00e9ho oleje, bez barviv a um\u011bl\u00fdch aromat. Nab\u00edz\u00ed perfektn\u00ed \u0159e\u0161en\u00ed, pokud chcete n\u011bco rychl\u00e9ho a snadn\u00e9ho a nechcete j\u00edst maso.<\/p>\n","protected":false},"featured_media":55,"template":"","meta":{"ngg_post_thumbnail":0},"product_cat":[18],"product_tag":[],"class_list":{"0":"post-24","1":"product","2":"type-product","3":"status-publish","4":"has-post-thumbnail","6":"product_cat-sugo","8":"first","9":"instock","10":"taxable","11":"shipping-taxable","12":"product-type-simple"},"_links":{"self":[{"href":"https:\/\/www.purebeef.cz\/index.php?rest_route=\/wp\/v2\/product\/24","targetHints":{"allow":["GET"]}}],"collection":[{"href":"https:\/\/www.purebeef.cz\/index.php?rest_route=\/wp\/v2\/product"}],"about":[{"href":"https:\/\/www.purebeef.cz\/index.php?rest_route=\/wp\/v2\/types\/product"}],"wp:featuredmedia":[{"embeddable":true,"href":"https:\/\/www.purebeef.cz\/index.php?rest_route=\/wp\/v2\/media\/55"}],"wp:attachment":[{"href":"https:\/\/www.purebeef.cz\/index.php?rest_route=%2Fwp%2Fv2%2Fmedia&parent=24"}],"wp:term":[{"taxonomy":"product_cat","embeddable":true,"href":"https:\/\/www.purebeef.cz\/index.php?rest_route=%2Fwp%2Fv2%2Fproduct_cat&post=24"},{"taxonomy":"product_tag","embeddable":true,"href":"https:\/\/www.purebeef.cz\/index.php?rest_route=%2Fwp%2Fv2%2Fproduct_tag&post=24"}],"curies":[{"name":"wp","href":"https:\/\/api.w.org\/{rel}","templated":true}]}}